{"id":2351,"date":"2024-10-23T04:23:59","date_gmt":"2024-10-23T02:23:59","guid":{"rendered":"https:\/\/targiksiazkikatowice.pl\/?page_id=2351"},"modified":"2024-10-23T04:23:59","modified_gmt":"2024-10-23T02:23:59","slug":"media-3","status":"publish","type":"page","link":"https:\/\/targiksiazkikatowice.pl\/en\/media-3\/","title":{"rendered":"Media"},"content":{"rendered":"<div class=\"wpb-content-wrapper\">[vc_row row_height_percent=&#8221;0&#8243; override_padding=&#8221;yes&#8221; h_padding=&#8221;2&#8243; top_padding=&#8221;3&#8243; bottom_padding=&#8221;5&#8243; overlay_alpha=&#8221;50&#8243; gutter_size=&#8221;3&#8243; column_width_percent=&#8221;100&#8243; shift_y=&#8221;0&#8243; z_index=&#8221;0&#8243; content_parallax=&#8221;0&#8243; uncode_shortcode_id=&#8221;338441&#8243; shape_dividers=&#8221;&#8221;][vc_column column_width_use_pixel=&#8221;yes&#8221; gutter_size=&#8221;3&#8243; overlay_alpha=&#8221;50&#8243; shift_x=&#8221;0&#8243; shift_y=&#8221;0&#8243; shift_y_down=&#8221;0&#8243; z_index=&#8221;0&#8243; medium_width=&#8221;0&#8243; mobile_width=&#8221;0&#8243; width=&#8221;1\/1&#8243; column_width_pixel=&#8221;900&#8243;][vc_tabs history=&#8221;yes&#8221; typography=&#8221;advanced&#8221; titles_font=&#8221;font-593209&#8243; titles_size=&#8221;h4&#8243; titles_weight=&#8221;600&#8243; uncode_shortcode_id=&#8221;162590&#8243;][vc_tab gutter_size=&#8221;2&#8243; column_padding=&#8221;2&#8243; title=&#8221;Akredytacja&#8221; tab_id=&#8221;1729007820704-3-2&#8243; slug=&#8221;akredytacja&#8221;][vc_row_inner row_inner_height_percent=&#8221;0&#8243; overlay_alpha=&#8221;50&#8243; gutter_size=&#8221;4&#8243; shift_y=&#8221;0&#8243; z_index=&#8221;0&#8243;][vc_column_inner column_width_percent=&#8221;100&#8243; gutter_size=&#8221;3&#8243; overlay_alpha=&#8221;50&#8243; shift_x=&#8221;0&#8243; shift_y=&#8221;0&#8243; shift_y_down=&#8221;0&#8243; z_index=&#8221;0&#8243; medium_width=&#8221;0&#8243; mobile_width=&#8221;0&#8243; width=&#8221;1\/1&#8243; uncode_shortcode_id=&#8221;166434&#8243;][vc_column_text uncode_shortcode_id=&#8221;110247&#8243;]<strong>ZASADY PRZYZNAWANIA AKREDYTACJI PRZEDSTAWICIELOM\u00a0MEDI\u00d3W I TW\u00d3RCOM INTERNETOWYM<\/strong><\/p>\n<ol>\n<li>Akredytacje s\u0105 przyznawane przedstawicielom medi\u00f3w itw\u00f3rcom internetowym\u00a0aktywnym zawodowo,\u00a0po weryfikacji zg\u0142oszenia.<\/li>\n<li>O akredytacj\u0119 mog\u0105 si\u0119 ubiega\u0107 osoby, kt\u00f3re spe\u0142ni\u0105 okre\u015blone przez organizatora kryteria.<\/li>\n<li>Akredytacja jest imienna, tzn. jest wystawiona na imi\u0119 i nazwisko podane w formularzu. Na akredytacji znajdzie si\u0119 r\u00f3wnie\u017c nazwa redakcji\/\u00a0konta tw\u00f3rcy internetowego.<\/li>\n<li>Akredytacj\u0119 przyznaje si\u0119 na czas trwania targ\u00f3w w zakresie obs\u0142ugi medialnej.<\/li>\n<li>Akredytacja jest wa\u017cna przez wszystkie dni trwania Targ\u00f3w.<\/li>\n<li>Wst\u0119p na Targi z akredytacj\u0105 jest wolny.<\/li>\n<li>Warunkiem rozpatrzenia\u00a0pro\u015bby o akredytacj\u0119\u00a0jest podanie prawdziwych danych w formularzu i wyra\u017cenie zgody na ich przetwarzanie przez Fundacj\u0119 Historia i Kultura na potrzeby akredytacji.<\/li>\n<li>Po przyznaniu akredytacji tw\u00f3rcy b\u0119d\u0105 zobowi\u0105zani do umieszczenia w swoich kana\u0142ach SM relacji z wydarzenia z oznaczeniem organizatora.<\/li>\n<li>Rejestracja tw\u00f3rc\u00f3w internetowych prowadzona jest <u>tylko<\/u> przez formularz znajduj\u0105cy si\u0119 na stronie internetowej. UWAGA: <strong>nie b\u0119dzie mo\u017cliwo\u015bci akredytacji na miejscu w czasie trwania Targ\u00f3w.<\/strong><\/li>\n<li>Organizator zastrzega sobie prawa odm\u00f3wienia przydzielenia akredytacji bez podania przyczyny.<\/li>\n<\/ol>\n<p>&nbsp;<\/p>\n<p><strong>Kryteria przyznawania akredytacji:<\/strong><\/p>\n<ol>\n<li>Tw\u00f3rcy internetowi:\n<ul>\n<li>uko\u0144czone 16 lat<\/li>\n<li>tworzenie tre\u015bci zwi\u0105zanych z tematyk\u0105 Targ\u00f3w Ksi\u0105\u017cki w Katowicach i Y&amp;NA Festival<\/li>\n<li>posiadanie na wybranym kanale SM minimum:\n<ul>\n<li>Facebook &#8211; 1000 fan\u00f3w<\/li>\n<li>Instagram &#8211; 2000 followers<\/li>\n<li>TikTok &#8211; 7000 followers<\/li>\n<li>YouTube &#8211; 1000 subskrypcji<\/li>\n<li>blogerzy- co najmniej rok dzia\u0142ania<\/li>\n<\/ul>\n<\/li>\n<\/ul>\n<\/li>\n<\/ol>\n<ol start=\"2\">\n<li>Prasa:<\/li>\n<\/ol>\n<ul>\n<li>wa\u017cna legitymacja prasowa<\/li>\n<\/ul>\n[\/vc_column_text][\/vc_column_inner][\/vc_row_inner][vc_row_inner row_inner_height_percent=&#8221;0&#8243; overlay_alpha=&#8221;50&#8243; gutter_size=&#8221;4&#8243; shift_y=&#8221;0&#8243; z_index=&#8221;0&#8243;][vc_column_inner column_width_percent=&#8221;100&#8243; align_horizontal=&#8221;align_center&#8221; gutter_size=&#8221;3&#8243; overlay_alpha=&#8221;50&#8243; shift_x=&#8221;0&#8243; shift_y=&#8221;0&#8243; shift_y_down=&#8221;0&#8243; z_index=&#8221;0&#8243; medium_width=&#8221;0&#8243; mobile_width=&#8221;0&#8243; width=&#8221;1\/1&#8243; uncode_shortcode_id=&#8221;969668&#8243;][vc_empty_space empty_h=&#8221;2&#8243;][vc_button button_color=&#8221;accent&#8221; size=&#8221;btn-lg&#8221; border_width=&#8221;0&#8243; icon_position=&#8221;right&#8221; link=&#8221;url:https%3A%2F%2Frsvp.historiaikultura.pl%2Fakredytacja-tkk-2024%2F|target:_blank|&#8221; icon=&#8221;fa fa-wpforms&#8221; uncode_shortcode_id=&#8221;411139&#8243; button_color_type=&#8221;uncode-palette&#8221;]FORMULARZ AKREDYTACJI DLA MEDI\u00d3W \/ TW\u00d3RC\u00d3W INTERNETOWYCH[\/vc_button][\/vc_column_inner][\/vc_row_inner][\/vc_tab][vc_tab gutter_size=&#8221;2&#8243; column_padding=&#8221;2&#8243; title=&#8221; Press releases&#8221; tab_id=&#8221;1555580081-1-41555679894762a7b7-a9ce&#8221; slug=&#8221;informacje-prasowe&#8221;][vc_row_inner row_inner_height_percent=&#8221;0&#8243; overlay_alpha=&#8221;50&#8243; gutter_size=&#8221;4&#8243; shift_y=&#8221;0&#8243; z_index=&#8221;0&#8243;][vc_column_inner column_width_percent=&#8221;100&#8243; align_horizontal=&#8221;align_center&#8221; gutter_size=&#8221;3&#8243; overlay_alpha=&#8221;50&#8243; shift_x=&#8221;0&#8243; shift_y=&#8221;0&#8243; shift_y_down=&#8221;0&#8243; z_index=&#8221;0&#8243; medium_width=&#8221;0&#8243; mobile_width=&#8221;0&#8243; width=&#8221;1\/1&#8243; uncode_shortcode_id=&#8221;969668&#8243;][vc_button button_color=&#8221;accent&#8221; size=&#8221;btn-lg&#8221; border_width=&#8221;0&#8243; icon_position=&#8221;right&#8221; link=&#8221;url:https%3A%2F%2Ftargiksiazkikatowice.pl%2Fwp-content%2Fuploads%2F2024%2F09%2FTKK-2023-inf-pras-po-targach.docx|target:_blank|&#8221; icon=&#8221;fa fa-file-word-o&#8221; uncode_shortcode_id=&#8221;188182&#8243; button_color_type=&#8221;uncode-palette&#8221;]Great success of the Book Fair in Katowice 2023![\/vc_button][\/vc_column_inner][\/vc_row_inner][\/vc_tab][vc_tab gutter_size=&#8221;2&#8243; column_padding=&#8221;2&#8243; title=&#8221;Downloadable Materials&#8221; tab_id=&#8221;1555580081-2-471555679894762a7b7-a9ce&#8221; slug=&#8221;pliki-do-pobrania&#8221;][vc_row_inner row_inner_height_percent=&#8221;0&#8243; overlay_alpha=&#8221;50&#8243; gutter_size=&#8221;4&#8243; shift_y=&#8221;0&#8243; z_index=&#8221;0&#8243;][vc_column_inner column_width_percent=&#8221;100&#8243; align_horizontal=&#8221;align_center&#8221; gutter_size=&#8221;3&#8243; overlay_alpha=&#8221;50&#8243; shift_x=&#8221;0&#8243; shift_y=&#8221;0&#8243; shift_y_down=&#8221;0&#8243; z_index=&#8221;0&#8243; medium_width=&#8221;0&#8243; mobile_width=&#8221;0&#8243; width=&#8221;1\/1&#8243; uncode_shortcode_id=&#8221;151949&#8243;][vc_button button_color=&#8221;accent&#8221; size=&#8221;btn-lg&#8221; border_width=&#8221;0&#8243; icon_position=&#8221;right&#8221; button_color_type=&#8221;uncode-palette&#8221; icon=&#8221;fa fa-file-archive-o&#8221; uncode_shortcode_id=&#8221;110212&#8243; link=&#8221;url:https%3A%2F%2Ftargiksiazkikatowice.pl%2Fwp-content%2Fuploads%2F2024%2F09%2FTKwK_logo_.zip|target:_blank|&#8221;]Logo[\/vc_button][\/vc_column_inner][\/vc_row_inner][\/vc_tab][vc_tab gutter_size=&#8221;2&#8243; column_padding=&#8221;2&#8243; title=&#8221;Contact &#8221; tab_id=&#8221;1722179078141-2-4&#8243; slug=&#8221;Kontakt&#8221;][vc_row_inner][vc_column_inner width=&#8221;1\/2&#8243;][vc_custom_heading text_color=&#8221;accent&#8221; heading_semantic=&#8221;h4&#8243; text_size=&#8221;h4&#8243; uncode_shortcode_id=&#8221;204820&#8243; text_color_type=&#8221;uncode-palette&#8221;]Natalia Zalewska \u2013 Domitrz[\/vc_custom_heading][vc_column_text text_lead=&#8221;yes&#8221; uncode_shortcode_id=&#8221;100760&#8243;]<strong>Program<\/strong><br \/>\n607 373 135<br \/>\n<a href=\"mailto:natalia.zalewska@historiaikultura.pl\">natalia.zalewska@historiaikultura.pl<\/a>[\/vc_column_text][\/vc_column_inner][vc_column_inner width=&#8221;1\/2&#8243;][vc_custom_heading text_color=&#8221;accent&#8221; heading_semantic=&#8221;h4&#8243; text_size=&#8221;h4&#8243; uncode_shortcode_id=&#8221;796424&#8243; text_color_type=&#8221;uncode-palette&#8221;]Magdalena Izdebska[\/vc_custom_heading][vc_column_text text_lead=&#8221;yes&#8221; uncode_shortcode_id=&#8221;200050&#8243;]<strong>Promocja<\/strong><br \/>\n<a href=\"mailto:promocja@historiaikultura.pl\">promocja@historiaikultura.pl<\/a><\/p>\n[\/vc_column_text][\/vc_column_inner][\/vc_row_inner][vc_row_inner][vc_column_inner width=&#8221;1\/1&#8243;][vc_separator sep_color=&#8221;color-367559&#8243; uncode_shortcode_id=&#8221;155032&#8243; sep_color_type=&#8221;uncode-palette&#8221; el_height=&#8221;2px&#8221;][\/vc_column_inner][\/vc_row_inner][vc_row_inner][vc_column_inner width=&#8221;1\/2&#8243;][vc_custom_heading text_color=&#8221;accent&#8221; heading_semantic=&#8221;h4&#8243; text_size=&#8221;h4&#8243; uncode_shortcode_id=&#8221;303795&#8243; text_color_type=&#8221;uncode-palette&#8221;]Agnieszka Ziemia\u0144ska[\/vc_custom_heading][vc_column_text text_lead=&#8221;yes&#8221; uncode_shortcode_id=&#8221;658435&#8243;]<strong>Wsp\u00f3\u0142praca mi\u0119dzynarodowa<\/strong><br \/>\n606 842 482<br \/>\n<a href=\"mailto:a.ziemianska@historiaikultura.pl\">a.ziemianska@historiaikultura.pl<\/a>[\/vc_column_text][\/vc_column_inner][vc_column_inner width=&#8221;1\/2&#8243;][\/vc_column_inner][\/vc_row_inner][\/vc_tab][\/vc_tabs][\/vc_column][\/vc_row][vc_row row_height_percent=&#8221;0&#8243; override_padding=&#8221;yes&#8221; h_padding=&#8221;2&#8243; top_padding=&#8221;3&#8243; bottom_padding=&#8221;5&#8243; overlay_alpha=&#8221;50&#8243; gutter_size=&#8221;3&#8243; column_width_percent=&#8221;100&#8243; shift_y=&#8221;0&#8243; z_index=&#8221;0&#8243; desktop_visibility=&#8221;yes&#8221; medium_visibility=&#8221;yes&#8221; mobile_visibility=&#8221;yes&#8221; content_parallax=&#8221;0&#8243; uncode_shortcode_id=&#8221;198835&#8243; shape_dividers=&#8221;&#8221;][vc_column column_width_use_pixel=&#8221;yes&#8221; gutter_size=&#8221;3&#8243; overlay_alpha=&#8221;50&#8243; shift_x=&#8221;0&#8243; shift_y=&#8221;0&#8243; shift_y_down=&#8221;0&#8243; z_index=&#8221;0&#8243; medium_width=&#8221;0&#8243; mobile_width=&#8221;0&#8243; width=&#8221;1\/1&#8243; column_width_pixel=&#8221;900&#8243;][vc_tabs history=&#8221;yes&#8221; typography=&#8221;advanced&#8221; titles_font=&#8221;font-593209&#8243; titles_size=&#8221;h4&#8243; titles_weight=&#8221;600&#8243; uncode_shortcode_id=&#8221;162590&#8243;][vc_tab gutter_size=&#8221;2&#8243; column_padding=&#8221;2&#8243; title=&#8221; Press releases&#8221; tab_id=&#8221;1555580081-1-41555679894762a7b7-a9ce0&#8243; slug=&#8221;informacje-prasowe&#8221;][vc_row_inner row_inner_height_percent=&#8221;0&#8243; overlay_alpha=&#8221;50&#8243; gutter_size=&#8221;4&#8243; shift_y=&#8221;0&#8243; z_index=&#8221;0&#8243;][vc_column_inner column_width_percent=&#8221;100&#8243; align_horizontal=&#8221;align_center&#8221; gutter_size=&#8221;3&#8243; overlay_alpha=&#8221;50&#8243; shift_x=&#8221;0&#8243; shift_y=&#8221;0&#8243; shift_y_down=&#8221;0&#8243; z_index=&#8221;0&#8243; medium_width=&#8221;0&#8243; mobile_width=&#8221;0&#8243; width=&#8221;1\/1&#8243; uncode_shortcode_id=&#8221;969668&#8243;][vc_button button_color=&#8221;accent&#8221; size=&#8221;btn-lg&#8221; border_width=&#8221;0&#8243; icon_position=&#8221;right&#8221; link=&#8221;url:https%3A%2F%2Ftargiksiazkikatowice.pl%2Fwp-content%2Fuploads%2F2024%2F09%2FTKK-2023-inf-pras-po-targach.docx|target:_blank|&#8221; icon=&#8221;fa fa-file-word-o&#8221; uncode_shortcode_id=&#8221;188182&#8243; button_color_type=&#8221;uncode-palette&#8221;]Great success of the Book Fair in Katowice 2023![\/vc_button][\/vc_column_inner][\/vc_row_inner][\/vc_tab][vc_tab gutter_size=&#8221;2&#8243; column_padding=&#8221;2&#8243; title=&#8221;Downloadable Materials&#8221; tab_id=&#8221;1555580081-2-471555679894762a7b7-a9ce1&#8243; slug=&#8221;pliki-do-pobrania&#8221;][vc_row_inner row_inner_height_percent=&#8221;0&#8243; overlay_alpha=&#8221;50&#8243; gutter_size=&#8221;4&#8243; shift_y=&#8221;0&#8243; z_index=&#8221;0&#8243;][vc_column_inner column_width_percent=&#8221;100&#8243; align_horizontal=&#8221;align_center&#8221; gutter_size=&#8221;3&#8243; overlay_alpha=&#8221;50&#8243; shift_x=&#8221;0&#8243; shift_y=&#8221;0&#8243; shift_y_down=&#8221;0&#8243; z_index=&#8221;0&#8243; medium_width=&#8221;0&#8243; mobile_width=&#8221;0&#8243; width=&#8221;1\/1&#8243; uncode_shortcode_id=&#8221;151949&#8243;][vc_button button_color=&#8221;accent&#8221; size=&#8221;btn-lg&#8221; border_width=&#8221;0&#8243; icon_position=&#8221;right&#8221; button_color_type=&#8221;uncode-palette&#8221; icon=&#8221;fa fa-file-archive-o&#8221; uncode_shortcode_id=&#8221;110212&#8243; link=&#8221;url:https%3A%2F%2Ftargiksiazkikatowice.pl%2Fwp-content%2Fuploads%2F2024%2F09%2FTKwK_logo_.zip|target:_blank|&#8221;]Logo[\/vc_button][\/vc_column_inner][\/vc_row_inner][\/vc_tab][vc_tab gutter_size=&#8221;2&#8243; column_padding=&#8221;2&#8243; title=&#8221;Contact &#8221; tab_id=&#8221;1722179078141-2-49&#8243; slug=&#8221;Kontakt&#8221;][vc_row_inner][vc_column_inner width=&#8221;1\/2&#8243;][vc_custom_heading text_color=&#8221;accent&#8221; heading_semantic=&#8221;h4&#8243; text_size=&#8221;h4&#8243; uncode_shortcode_id=&#8221;204820&#8243; text_color_type=&#8221;uncode-palette&#8221;]Natalia Zalewska \u2013 Domitrz[\/vc_custom_heading][vc_column_text text_lead=&#8221;yes&#8221; uncode_shortcode_id=&#8221;100760&#8243;]<strong>Program<\/strong><br \/>\n607 373 135<br \/>\n<a href=\"mailto:natalia.zalewska@historiaikultura.pl\">natalia.zalewska@historiaikultura.pl<\/a>[\/vc_column_text][\/vc_column_inner][vc_column_inner width=&#8221;1\/2&#8243;][vc_custom_heading text_color=&#8221;accent&#8221; heading_semantic=&#8221;h4&#8243; text_size=&#8221;h4&#8243; uncode_shortcode_id=&#8221;796424&#8243; text_color_type=&#8221;uncode-palette&#8221;]Magdalena Izdebska[\/vc_custom_heading][vc_column_text text_lead=&#8221;yes&#8221; uncode_shortcode_id=&#8221;200050&#8243;]<strong>Promocja<\/strong><br \/>\n<a href=\"mailto:promocja@historiaikultura.pl\">promocja@historiaikultura.pl<\/a><\/p>\n[\/vc_column_text][\/vc_column_inner][\/vc_row_inner][vc_row_inner][vc_column_inner width=&#8221;1\/1&#8243;][vc_separator sep_color=&#8221;color-367559&#8243; uncode_shortcode_id=&#8221;155032&#8243; sep_color_type=&#8221;uncode-palette&#8221; el_height=&#8221;2px&#8221;][\/vc_column_inner][\/vc_row_inner][vc_row_inner][vc_column_inner width=&#8221;1\/2&#8243;][vc_custom_heading text_color=&#8221;accent&#8221; heading_semantic=&#8221;h4&#8243; text_size=&#8221;h4&#8243; uncode_shortcode_id=&#8221;303795&#8243; text_color_type=&#8221;uncode-palette&#8221;]Agnieszka Ziemia\u0144ska[\/vc_custom_heading][vc_column_text text_lead=&#8221;yes&#8221; uncode_shortcode_id=&#8221;658435&#8243;]<strong>Wsp\u00f3\u0142praca mi\u0119dzynarodowa<\/strong><br \/>\n606 842 482<br \/>\n<a href=\"mailto:a.ziemianska@historiaikultura.pl\">a.ziemianska@historiaikultura.pl<\/a>[\/vc_column_text][\/vc_column_inner][vc_column_inner width=&#8221;1\/2&#8243;][\/vc_column_inner][\/vc_row_inner][\/vc_tab][\/vc_tabs][\/vc_column][\/vc_row]\n<\/div>","protected":false},"excerpt":{"rendered":"<p>[vc_row row_height_percent=&#8221;0&#8243; override_padding=&#8221;yes&#8221; h_padding=&#8221;2&#8243; top_padding=&#8221;3&#8243; bottom_padding=&#8221;5&#8243; overlay_alpha=&#8221;50&#8243; gutter_size=&#8221;3&#8243; column_width_percent=&#8221;100&#8243; shift_y=&#8221;0&#8243; z_index=&#8221;0&#8243; content_parallax=&#8221;0&#8243; uncode_shortcode_id=&#8221;338441&#8243; shape_dividers=&#8221;&#8221;][vc_column column_width_use_pixel=&#8221;yes&#8221; gutter_size=&#8221;3&#8243; overlay_alpha=&#8221;50&#8243; shift_x=&#8221;0&#8243; shift_y=&#8221;0&#8243; shift_y_down=&#8221;0&#8243; [&hellip;]<\/p>\n","protected":false},"author":1,"featured_media":0,"parent":0,"menu_order":0,"comment_status":"closed","ping_status":"closed","template":"","meta":{"footnotes":""},"class_list":["post-2351","page","type-page","status-publish","hentry"],"aioseo_notices":[],"_links":{"self":[{"href":"https:\/\/targiksiazkikatowice.pl\/en\/wp-json\/wp\/v2\/pages\/2351","targetHints":{"allow":["GET"]}}],"collection":[{"href":"https:\/\/targiksiazkikatowice.pl\/en\/wp-json\/wp\/v2\/pages"}],"about":[{"href":"https:\/\/targiksiazkikatowice.pl\/en\/wp-json\/wp\/v2\/types\/page"}],"author":[{"embeddable":true,"href":"https:\/\/targiksiazkikatowice.pl\/en\/wp-json\/wp\/v2\/users\/1"}],"replies":[{"embeddable":true,"href":"https:\/\/targiksiazkikatowice.pl\/en\/wp-json\/wp\/v2\/comments?post=2351"}],"version-history":[{"count":2,"href":"https:\/\/targiksiazkikatowice.pl\/en\/wp-json\/wp\/v2\/pages\/2351\/revisions"}],"predecessor-version":[{"id":2353,"href":"https:\/\/targiksiazkikatowice.pl\/en\/wp-json\/wp\/v2\/pages\/2351\/revisions\/2353"}],"wp:attachment":[{"href":"https:\/\/targiksiazkikatowice.pl\/en\/wp-json\/wp\/v2\/media?parent=2351"}],"curies":[{"name":"wp","href":"https:\/\/api.w.org\/{rel}","templated":true}]}}