{"id":2306,"date":"2024-10-23T01:32:18","date_gmt":"2024-10-22T23:32:18","guid":{"rendered":"https:\/\/targiksiazkikatowice.pl\/?page_id=2306"},"modified":"2024-11-06T21:35:45","modified_gmt":"2024-11-06T20:35:45","slug":"the-museum-and-museum-book-salon","status":"publish","type":"page","link":"https:\/\/targiksiazkikatowice.pl\/en\/the-museum-and-museum-book-salon\/","title":{"rendered":"The Museum and Museum Book Salon"},"content":{"rendered":"<div class=\"wpb-content-wrapper\">[vc_row][vc_column width=&#8221;1\/1&#8243;][vc_custom_heading text_size=&#8221;h4&#8243; uncode_shortcode_id=&#8221;187329&#8243;]The Museum and Museum Book Salon it is a zone dedicated to the achievements and books published by Polish museums, with a special focus on those from the Silesian region. In the collective exhibition booth, publications from Silesian museums will be available. Participating institutions include the &#8220;Upper Silesian Ethnographic Park in Chorz\u00f3w,&#8221; the Museum in Tarnowskie G\u00f3ry, the Saturn Museum in Czelad\u017a, the Municipal Museum in \u017bory, the History Museum of Katowice, the Castle Museum in Pszczyna, the Metallurgy Museum in Chorz\u00f3w, the Museum of Silesian Uprisings in \u015awi\u0119toch\u0142owice, Father E. Drobny Museum in Rybnik, the Museum of Cieszyn Silesia, the Museum in Bielsko-Bia\u0142a, the Museum of the City of Jaworzno, The Maksymilian Chrobok Municipal Museum in Ruda \u015al\u0105ska, the Schoena Palace Museum in Sosnowiec, the Municipal Museum in Tychy, the Silesian Museum in Katowice, the Central Firefighting Museum in Siemianowice \u015al\u0105skie, Sztygarka Municipal Museum in D\u0105browa G\u00f3rnicza, Maksymilian Chrobok Municipal Museum in Ruda \u015al\u0105ska.[\/vc_custom_heading][vc_row_inner row_inner_height_percent=&#8221;0&#8243; overlay_alpha=&#8221;50&#8243; gutter_size=&#8221;3&#8243; shift_y=&#8221;0&#8243; z_index=&#8221;0&#8243; desktop_visibility=&#8221;yes&#8221; medium_visibility=&#8221;yes&#8221; mobile_visibility=&#8221;yes&#8221; uncode_shortcode_id=&#8221;117374&#8243; shape_dividers=&#8221;&#8221;][vc_column_inner width=&#8221;1\/3&#8243;][\/vc_column_inner][vc_column_inner column_width_percent=&#8221;100&#8243; align_horizontal=&#8221;align_center&#8221; gutter_size=&#8221;3&#8243; overlay_alpha=&#8221;50&#8243; shift_x=&#8221;0&#8243; shift_y=&#8221;0&#8243; shift_y_down=&#8221;0&#8243; z_index=&#8221;0&#8243; medium_width=&#8221;0&#8243; mobile_width=&#8221;0&#8243; width=&#8221;1\/3&#8243; uncode_shortcode_id=&#8221;540562&#8243;][vc_custom_heading heading_semantic=&#8221;h5&#8243; text_size=&#8221;h5&#8243;]ORGANIZATOR[\/vc_custom_heading][vc_single_image media=&#8221;2150&#8243; media_width_use_pixel=&#8221;yes&#8221; alignment=&#8221;center&#8221; media_link=&#8221;url:https%3A%2F%2Fhistoriaikultura.pl%2F|target:_blank&#8221; uncode_shortcode_id=&#8221;850453&#8243; media_width_pixel=&#8221;300&#8243;][\/vc_column_inner][vc_column_inner width=&#8221;1\/3&#8243;][\/vc_column_inner][\/vc_row_inner][vc_row_inner row_inner_height_percent=&#8221;0&#8243; overlay_alpha=&#8221;50&#8243; gutter_size=&#8221;3&#8243; shift_y=&#8221;0&#8243; z_index=&#8221;0&#8243; desktop_visibility=&#8221;yes&#8221; medium_visibility=&#8221;yes&#8221; mobile_visibility=&#8221;yes&#8221; uncode_shortcode_id=&#8221;946160&#8243; shape_dividers=&#8221;&#8221;][vc_column_inner width=&#8221;1\/6&#8243;][\/vc_column_inner][vc_column_inner column_width_percent=&#8221;100&#8243; align_horizontal=&#8221;align_center&#8221; gutter_size=&#8221;3&#8243; overlay_alpha=&#8221;50&#8243; shift_x=&#8221;0&#8243; shift_y=&#8221;0&#8243; shift_y_down=&#8221;0&#8243; z_index=&#8221;0&#8243; medium_width=&#8221;0&#8243; mobile_width=&#8221;0&#8243; width=&#8221;2\/3&#8243; uncode_shortcode_id=&#8221;540562&#8243;][vc_custom_heading heading_semantic=&#8221;h5&#8243; text_size=&#8221;h5&#8243; uncode_shortcode_id=&#8221;100461&#8243;]PARTNER[\/vc_custom_heading][vc_gallery el_id=&#8221;gallery-483463221234545&#8243; type=&#8221;carousel&#8221; medias=&#8221;2162,2310&#8243; carousel_lg=&#8221;2&#8243; carousel_md=&#8221;2&#8243; carousel_sm=&#8221;2&#8243; gutter_size=&#8221;0&#8243; media_items=&#8221;media|custom_link|original&#8221; carousel_height=&#8221;equal&#8221; carousel_interval=&#8221;0&#8243; carousel_navspeed=&#8221;400&#8243; carousel_loop=&#8221;yes&#8221; carousel_dots_mobile=&#8221;yes&#8221; stage_padding=&#8221;0&#8243; single_text=&#8221;under&#8221; single_overlay_opacity=&#8221;1&#8243; single_overlay_anim=&#8221;no&#8221; single_text_anim=&#8221;no&#8221; single_image_anim=&#8221;no&#8221; single_padding=&#8221;2&#8243; single_border=&#8221;yes&#8221; items=&#8221;eyIzMDAwX2kiOnsic2luZ2xlX2xpbmsiOiJ1cmw6aHR0cHM6Ly9yeW5lay1rc2lhemtpLnBsL3x0YXJnZXQ6X2JsYW5rIn0sIjMwMTBfaSI6eyJzaW5nbGVfbGluayI6InVybDpodHRwczovL3d5Ym9yY3phLnBsL2tzaWF6a2kvMCwwLmh0bWw\/ZGlzYWJsZVJlZGlyZWN0cz10cnVlfHRhcmdldDpfYmxhbmsifSwiMzAwOV9pIjp7InNpbmdsZV9saW5rIjoidXJsOmh0dHBzOi8vd3lkYXdjYS5jb20ucGwvfHRhcmdldDpfYmxhbmsifSwiMzAwOF9pIjp7InNpbmdsZV9saW5rIjoidXJsOmh0dHBzOi8vd3d3LmdyYW5pY2UucGwvfHRhcmdldDpfYmxhbmsifSwiMzAwN19pIjp7InNpbmdsZV9saW5rIjoidXJsOmh0dHA6Ly9zbWFra3NpYXpraS5wbC98dGFyZ2V0Ol9ibGFuayJ9LCIzMDI5X2kiOnsic2luZ2xlX2xpbmsiOiJ1cmw6aHR0cHM6Ly9yeW5lay1rc2lhemtpLnBsL3x0YXJnZXQ6X2JsYW5rIn0sIjMwMjhfaSI6eyJzaW5nbGVfbGluayI6InVybDpodHRwczovL3J5bmVrLWtzaWF6a2kucGwva2F0ZWdvcmllLWN6YXNvcGlzbS9tYWdhenluLWxpdGVyYWNraS1rc2lhemtpL3x0YXJnZXQ6X2JsYW5rIn0sIjMwMjdfaSI6eyJzaW5nbGVfbGluayI6InVybDpodHRwczovL3d5ZGF3Y2EuY29tLnBsL3x0YXJnZXQ6X2JsYW5rIn0sIjMwMzFfaSI6eyJzaW5nbGVfbGluayI6InVybDpodHRwczovL3d3dy5ncmFuaWNlLnBsL3x0YXJnZXQ6X2JsYW5rIn0sIjMwMzBfaSI6eyJzaW5nbGVfbGluayI6InVybDpodHRwOi8vc21ha2tzaWF6a2kucGwvfHRhcmdldDpfYmxhbmsifX0=&#8221; uncode_shortcode_id=&#8221;132766&#8243;][\/vc_column_inner][vc_column_inner width=&#8221;1\/6&#8243;][\/vc_column_inner][\/vc_row_inner][vc_column_text uncode_shortcode_id=&#8221;180748&#8243;]Moreover, the program will include educational museum lessons for young people and panel discussions for museum professionals as part of a professional exchange of experiences. To reach a wider audience, lessons and lectures will be recorded and available on the Foundation&#8217;s YouTube channel. The partner of The Museum and Museum Book Salon is the Polish Association of Museum Professionals, Silesian Branch, and the National Institute for Museums.[\/vc_column_text][vc_button button_color=&#8221;color-367559&#8243; size=&#8221;btn-lg&#8221; hover_fx=&#8221;full-colored&#8221; outline=&#8221;yes&#8221; text_skin=&#8221;yes&#8221; shadow=&#8221;yes&#8221; border_width=&#8221;0&#8243; link=&#8221;url:https%3A%2F%2Ftargiksiazkikatowice.pl%2Fsalon-muzeow-i-ksiazki-muzealnej%2Flista-muzeow%2F|title:Aktualno%C5%9Bci&#8221; button_color_type=&#8221;uncode-palette&#8221; uncode_shortcode_id=&#8221;124404&#8243; el_id=&#8221;biletystopka&#8221;]THE LIST OF MUSEUMS participating in the project[\/vc_button][vc_button button_color=&#8221;color-367559&#8243; size=&#8221;btn-lg&#8221; hover_fx=&#8221;full-colored&#8221; outline=&#8221;yes&#8221; text_skin=&#8221;yes&#8221; shadow=&#8221;yes&#8221; border_width=&#8221;0&#8243; link=&#8221;url:https%3A%2F%2Ftargiksiazkikatowice.pl%2Fsalon-muzeow-i-ksiazki-muzealnej%2Fprogram%2F|title:Aktualno%C5%9Bci&#8221; button_color_type=&#8221;uncode-palette&#8221; uncode_shortcode_id=&#8221;145238&#8243; el_id=&#8221;biletystopka&#8221;]PROGRAM OF EVENTS[\/vc_button][vc_button button_color=&#8221;color-367559&#8243; size=&#8221;btn-lg&#8221; hover_fx=&#8221;full-colored&#8221; outline=&#8221;yes&#8221; text_skin=&#8221;yes&#8221; shadow=&#8221;yes&#8221; border_width=&#8221;0&#8243; link=&#8221;url:https%3A%2F%2Ftargiksiazkikatowice.pl%2Fpublikacje%2F|title:Aktualno%C5%9Bci&#8221; button_color_type=&#8221;uncode-palette&#8221; uncode_shortcode_id=&#8221;914058&#8243; el_id=&#8221;biletystopka&#8221;]THE ELECTRONIC CATALOGUE OF MUSEUM PUBLICATIONS[\/vc_button][\/vc_column][\/vc_row][vc_row row_height_percent=&#8221;0&#8243; overlay_alpha=&#8221;50&#8243; gutter_size=&#8221;3&#8243; column_width_percent=&#8221;100&#8243; shift_y=&#8221;0&#8243; z_index=&#8221;0&#8243; uncode_shortcode_id=&#8221;104233&#8243;][vc_column width=&#8221;1\/1&#8243;][vc_column_text uncode_shortcode_id=&#8221;113030&#8243; el_id=&#8221;finansowanie&#8221;]<em>\u201cThe Museum and Museum Book Salon\u201d at the Book Fair in Katowice is investment A2.5.1: Program supporting the activities of entities in the culture sector and creative industries to stimulate their development, implemented under the component: Resilience and competitiveness of the economy, carried out as part of the development plan (KPO).<\/em>[\/vc_column_text][vc_row_inner row_inner_height_percent=&#8221;0&#8243; overlay_alpha=&#8221;50&#8243; gutter_size=&#8221;3&#8243; shift_y=&#8221;0&#8243; z_index=&#8221;0&#8243; mobile_visibility=&#8221;yes&#8221; uncode_shortcode_id=&#8221;144075&#8243;][vc_column_inner width=&#8221;1\/1&#8243;][vc_single_image media=&#8221;2312&#8243; media_width_percent=&#8221;100&#8243; alignment=&#8221;center&#8221; uncode_shortcode_id=&#8221;213856&#8243;][\/vc_column_inner][\/vc_row_inner][vc_row_inner row_inner_height_percent=&#8221;0&#8243; overlay_alpha=&#8221;50&#8243; gutter_size=&#8221;3&#8243; shift_y=&#8221;0&#8243; z_index=&#8221;0&#8243; desktop_visibility=&#8221;yes&#8221; medium_visibility=&#8221;yes&#8221; uncode_shortcode_id=&#8221;210877&#8243;][vc_column_inner width=&#8221;1\/1&#8243;][vc_single_image media=&#8221;2314&#8243; media_width_percent=&#8221;100&#8243; alignment=&#8221;center&#8221; uncode_shortcode_id=&#8221;116182&#8243;][\/vc_column_inner][\/vc_row_inner][\/vc_column][\/vc_row][vc_row row_height_percent=&#8221;0&#8243; overlay_alpha=&#8221;50&#8243; gutter_size=&#8221;3&#8243; column_width_percent=&#8221;100&#8243; shift_y=&#8221;0&#8243; z_index=&#8221;0&#8243; desktop_visibility=&#8221;yes&#8221; medium_visibility=&#8221;yes&#8221; mobile_visibility=&#8221;yes&#8221; content_parallax=&#8221;0&#8243; uncode_shortcode_id=&#8221;289627&#8243;][vc_column width=&#8221;1\/1&#8243;][vc_row_inner row_inner_height_percent=&#8221;0&#8243; overlay_alpha=&#8221;50&#8243; gutter_size=&#8221;3&#8243; shift_y=&#8221;0&#8243; z_index=&#8221;0&#8243; mobile_visibility=&#8221;yes&#8221; uncode_shortcode_id=&#8221;346647&#8243;][vc_column_inner width=&#8221;1\/1&#8243;][vc_single_image media_width_percent=&#8221;100&#8243; media_link=&#8221;url:https%3A%2F%2Fwelcome.katowice.eu%2Fpl|target:_blank&#8221; uncode_shortcode_id=&#8221;132900&#8243;][\/vc_column_inner][\/vc_row_inner][vc_row_inner row_inner_height_percent=&#8221;0&#8243; overlay_alpha=&#8221;50&#8243; gutter_size=&#8221;3&#8243; shift_y=&#8221;0&#8243; z_index=&#8221;0&#8243; desktop_visibility=&#8221;yes&#8221; medium_visibility=&#8221;yes&#8221; uncode_shortcode_id=&#8221;163787&#8243;][vc_column_inner width=&#8221;1\/1&#8243;][vc_single_image media_width_percent=&#8221;100&#8243; media_link=&#8221;url:https%3A%2F%2Fwelcome.katowice.eu%2Fpl|target:_blank&#8221; uncode_shortcode_id=&#8221;118985&#8243;][\/vc_column_inner][\/vc_row_inner][\/vc_column][\/vc_row]\n<\/div>","protected":false},"excerpt":{"rendered":"<p>[vc_row][vc_column width=&#8221;1\/1&#8243;][vc_custom_heading text_size=&#8221;h4&#8243; uncode_shortcode_id=&#8221;187329&#8243;]The Museum and Museum Book Salon it is a zone dedicated to the achievements and books published [&hellip;]<\/p>\n","protected":false},"author":1,"featured_media":0,"parent":0,"menu_order":0,"comment_status":"closed","ping_status":"closed","template":"","meta":{"footnotes":""},"class_list":["post-2306","page","type-page","status-publish","hentry"],"aioseo_notices":[],"_links":{"self":[{"href":"https:\/\/targiksiazkikatowice.pl\/en\/wp-json\/wp\/v2\/pages\/2306","targetHints":{"allow":["GET"]}}],"collection":[{"href":"https:\/\/targiksiazkikatowice.pl\/en\/wp-json\/wp\/v2\/pages"}],"about":[{"href":"https:\/\/targiksiazkikatowice.pl\/en\/wp-json\/wp\/v2\/types\/page"}],"author":[{"embeddable":true,"href":"https:\/\/targiksiazkikatowice.pl\/en\/wp-json\/wp\/v2\/users\/1"}],"replies":[{"embeddable":true,"href":"https:\/\/targiksiazkikatowice.pl\/en\/wp-json\/wp\/v2\/comments?post=2306"}],"version-history":[{"count":6,"href":"https:\/\/targiksiazkikatowice.pl\/en\/wp-json\/wp\/v2\/pages\/2306\/revisions"}],"predecessor-version":[{"id":2833,"href":"https:\/\/targiksiazkikatowice.pl\/en\/wp-json\/wp\/v2\/pages\/2306\/revisions\/2833"}],"wp:attachment":[{"href":"https:\/\/targiksiazkikatowice.pl\/en\/wp-json\/wp\/v2\/media?parent=2306"}],"curies":[{"name":"wp","href":"https:\/\/api.w.org\/{rel}","templated":true}]}}