{"id":2252,"date":"2024-10-22T17:00:13","date_gmt":"2024-10-22T15:00:13","guid":{"rendered":"https:\/\/targiksiazkikatowice.pl\/?page_id=2252"},"modified":"2024-10-22T17:00:13","modified_gmt":"2024-10-22T15:00:13","slug":"literary-bridges-2024","status":"publish","type":"page","link":"https:\/\/targiksiazkikatowice.pl\/en\/the-science-encounters\/literary-bridges-2024\/","title":{"rendered":"Literary Bridges 2024"},"content":{"rendered":"<div class=\"wpb-content-wrapper\">[vc_row][vc_column width=&#8221;1\/1&#8243;][vc_custom_heading text_size=&#8221;h4&#8243; uncode_shortcode_id=&#8221;781996&#8243;]\n<p style=\"text-align: justify;\">\u201eMosty Literackie 2024\u201d to\u00a0projekt obejmuj\u0105cy organizacj\u0119 Salonu Wydawc\u00f3w Ukrai\u0144skich i\u00a0Salonu Niezale\u017cnych Wydawc\u00f3w Bia\u0142oruskich na Mi\u0119dzynarodowych Targach Ksi\u0105\u017cki w\u00a0Warszawie 2024 i na Targach Ksi\u0105\u017cki w\u00a0Katowicach w\u00a0dniach 8-10 listopada 2024\u00a0r. w\u00a0Mi\u0119dzynarodowym Centrum Kongresowym.<\/p>\n[\/vc_custom_heading][vc_column_text uncode_shortcode_id=&#8221;200415&#8243;]This year&#8217;s Book Fair in Katowice will feature publishers and authors from Ukraine, as well as independent Belarusian publishers and authors. As part of the Ukrainian Publishers&#8217; Salon and the Independent Belarusian Publishers&#8217; Salon, attendees will have the opportunity to explore contemporary Ukrainian and Belarusian literature and participate in meetings with authors.[\/vc_column_text][\/vc_column][\/vc_row][vc_row row_height_percent=&#8221;0&#8243; overlay_alpha=&#8221;50&#8243; gutter_size=&#8221;3&#8243; column_width_percent=&#8221;100&#8243; shift_y=&#8221;0&#8243; z_index=&#8221;0&#8243; uncode_shortcode_id=&#8221;104233&#8243;][vc_column width=&#8221;1\/1&#8243;][vc_row_inner row_inner_height_percent=&#8221;0&#8243; overlay_alpha=&#8221;50&#8243; gutter_size=&#8221;3&#8243; shift_y=&#8221;0&#8243; z_index=&#8221;0&#8243; uncode_shortcode_id=&#8221;862627&#8243;][vc_column_inner column_width_percent=&#8221;100&#8243; align_horizontal=&#8221;align_center&#8221; gutter_size=&#8221;3&#8243; overlay_alpha=&#8221;50&#8243; shift_x=&#8221;0&#8243; shift_y=&#8221;0&#8243; shift_y_down=&#8221;0&#8243; z_index=&#8221;0&#8243; medium_width=&#8221;0&#8243; mobile_width=&#8221;0&#8243; width=&#8221;1\/4&#8243;][\/vc_column_inner][vc_column_inner column_width_percent=&#8221;100&#8243; align_horizontal=&#8221;align_center&#8221; gutter_size=&#8221;3&#8243; overlay_alpha=&#8221;50&#8243; shift_x=&#8221;0&#8243; shift_y=&#8221;0&#8243; shift_y_down=&#8221;0&#8243; z_index=&#8221;0&#8243; medium_width=&#8221;0&#8243; mobile_width=&#8221;0&#8243; width=&#8221;1\/2&#8243; uncode_shortcode_id=&#8221;209808&#8243;][vc_single_image media=&#8221;1786&#8243; media_width_use_pixel=&#8221;yes&#8221; alignment=&#8221;center&#8221; uncode_shortcode_id=&#8221;978913&#8243; media_width_pixel=&#8221;300&#8243;][\/vc_column_inner][vc_column_inner column_width_percent=&#8221;100&#8243; align_horizontal=&#8221;align_center&#8221; gutter_size=&#8221;3&#8243; overlay_alpha=&#8221;50&#8243; shift_x=&#8221;0&#8243; shift_y=&#8221;0&#8243; shift_y_down=&#8221;0&#8243; z_index=&#8221;0&#8243; medium_width=&#8221;0&#8243; mobile_width=&#8221;0&#8243; width=&#8221;1\/4&#8243; uncode_shortcode_id=&#8221;143361&#8243;][\/vc_column_inner][\/vc_row_inner][vc_column_text uncode_shortcode_id=&#8221;144234&#8243; el_id=&#8221;finansowanie&#8221;]\n<p style=\"text-align: justify;\">Task Title: &#8220;Literary Bridges 2024 \u2013 Ukrainian Publishers\u2019 Salon and Independent Belarusian Publishers\u2019 Salon at the Largest Book Fairs in Poland&#8221;<br \/>\nProject funded by the state budget as part of the Polish Ministry of Foreign Affairs\u2019 competition &#8216;Public Diplomacy 2024&#8217;<br \/>\nTotal funding: PLN 160,000<\/p>\n<p style=\"text-align: justify;\">&#8220;Literary Bridges 2024&#8221; is a project that involves organizing the Ukrainian Publishers\u2019 Salon and the Independent Belarusian Publishers\u2019 Salon at the Warsaw International Book Fair from May 23-26, 2024, at the Palace of Culture and Science, and the Book Fair in Katowice from November 8-10, 2024, at the International Congress Center. The Salons\u2019 program includes exhibition stands, accompanying events with the participation of publishers, authors, and literary community representatives, as well as promotional activities. The project aims to strengthen cooperation and dialogue in the areas of culture and literature, support democratic aspirations, and continues the participation of Ukraine as the Guest of Honour at the Warsaw International Book Fair in 2023 and Free Belarus as the Special Guest at the Katowice Book Fair in 2023.<\/p>\n[\/vc_column_text][\/vc_column][\/vc_row][vc_row row_height_percent=&#8221;0&#8243; overlay_alpha=&#8221;50&#8243; gutter_size=&#8221;3&#8243; column_width_percent=&#8221;100&#8243; shift_y=&#8221;0&#8243; z_index=&#8221;0&#8243; desktop_visibility=&#8221;yes&#8221; medium_visibility=&#8221;yes&#8221; mobile_visibility=&#8221;yes&#8221; uncode_shortcode_id=&#8221;130847&#8243;][vc_column width=&#8221;1\/1&#8243;][vc_row_inner row_inner_height_percent=&#8221;0&#8243; overlay_alpha=&#8221;50&#8243; gutter_size=&#8221;3&#8243; shift_y=&#8221;0&#8243; z_index=&#8221;0&#8243; mobile_visibility=&#8221;yes&#8221; uncode_shortcode_id=&#8221;346647&#8243;][vc_column_inner width=&#8221;1\/1&#8243;][vc_single_image media_width_percent=&#8221;100&#8243; media_link=&#8221;url:https%3A%2F%2Fwelcome.katowice.eu%2Fpl|target:_blank&#8221; uncode_shortcode_id=&#8221;132900&#8243;][\/vc_column_inner][\/vc_row_inner][vc_row_inner row_inner_height_percent=&#8221;0&#8243; overlay_alpha=&#8221;50&#8243; gutter_size=&#8221;3&#8243; shift_y=&#8221;0&#8243; z_index=&#8221;0&#8243; desktop_visibility=&#8221;yes&#8221; medium_visibility=&#8221;yes&#8221; uncode_shortcode_id=&#8221;163787&#8243;][vc_column_inner width=&#8221;1\/1&#8243;][vc_single_image media_width_percent=&#8221;100&#8243; media_link=&#8221;url:https%3A%2F%2Fwelcome.katowice.eu%2Fpl|target:_blank&#8221; uncode_shortcode_id=&#8221;118985&#8243;][\/vc_column_inner][\/vc_row_inner][\/vc_column][\/vc_row]\n<\/div>","protected":false},"excerpt":{"rendered":"<p>[vc_row][vc_column width=&#8221;1\/1&#8243;][vc_custom_heading text_size=&#8221;h4&#8243; uncode_shortcode_id=&#8221;781996&#8243;] \u201eMosty Literackie 2024\u201d to\u00a0projekt obejmuj\u0105cy organizacj\u0119 Salonu Wydawc\u00f3w Ukrai\u0144skich i\u00a0Salonu Niezale\u017cnych Wydawc\u00f3w Bia\u0142oruskich na Mi\u0119dzynarodowych Targach [&hellip;]<\/p>\n","protected":false},"author":1,"featured_media":0,"parent":2233,"menu_order":0,"comment_status":"closed","ping_status":"closed","template":"","meta":{"footnotes":""},"class_list":["post-2252","page","type-page","status-publish","hentry"],"aioseo_notices":[],"_links":{"self":[{"href":"https:\/\/targiksiazkikatowice.pl\/en\/wp-json\/wp\/v2\/pages\/2252","targetHints":{"allow":["GET"]}}],"collection":[{"href":"https:\/\/targiksiazkikatowice.pl\/en\/wp-json\/wp\/v2\/pages"}],"about":[{"href":"https:\/\/targiksiazkikatowice.pl\/en\/wp-json\/wp\/v2\/types\/page"}],"author":[{"embeddable":true,"href":"https:\/\/targiksiazkikatowice.pl\/en\/wp-json\/wp\/v2\/users\/1"}],"replies":[{"embeddable":true,"href":"https:\/\/targiksiazkikatowice.pl\/en\/wp-json\/wp\/v2\/comments?post=2252"}],"version-history":[{"count":1,"href":"https:\/\/targiksiazkikatowice.pl\/en\/wp-json\/wp\/v2\/pages\/2252\/revisions"}],"predecessor-version":[{"id":2253,"href":"https:\/\/targiksiazkikatowice.pl\/en\/wp-json\/wp\/v2\/pages\/2252\/revisions\/2253"}],"up":[{"embeddable":true,"href":"https:\/\/targiksiazkikatowice.pl\/en\/wp-json\/wp\/v2\/pages\/2233"}],"wp:attachment":[{"href":"https:\/\/targiksiazkikatowice.pl\/en\/wp-json\/wp\/v2\/media?parent=2252"}],"curies":[{"name":"wp","href":"https:\/\/api.w.org\/{rel}","templated":true}]}}